{"id":12819,"date":"2024-04-04T10:29:12","date_gmt":"2024-04-04T15:29:12","guid":{"rendered":"https:\/\/braaapmotors.com\/shop\/?page_id=12819"},"modified":"2024-04-04T12:20:06","modified_gmt":"2024-04-04T17:20:06","slug":"procesamiento-de-pedidos","status":"publish","type":"page","link":"https:\/\/braaapmotors.com\/shop\/procesamiento-de-pedidos\/","title":{"rendered":"Procesamiento de pedidos"},"content":{"rendered":"\n<h2 class=\"wp-block-heading\">\u00bfQu\u00e9 sucede cuando recibes un pedido en l\u00ednea?<\/h2>\n\n\n\n<ul>\n<li>Recibes una nueva notificaci\u00f3n de pedido por correo electr\u00f3nico.<\/li>\n\n\n\n<li>Tu <a href=\"https:\/\/braaapmotors.com\/shop\/mi-cuenta\/pedidos\/\">p\u00e1gina de pedidos<\/a> muestra el nuevo pedido.<\/li>\n\n\n\n<li>El cliente recibe un correo electr\u00f3nico de confirmaci\u00f3n del pedido.<\/li>\n\n\n\n<li>Se empieza a procesar el pedido.<\/li>\n<\/ul>\n\n\n\n<div class=\"wp-block-group notas has-background\" style=\"background-color:#f7f8f9\"><div class=\"wp-block-group__inner-container is-layout-constrained wp-block-group-is-layout-constrained\">\n<h4 class=\"wp-block-heading\">Nota<\/h4>\n\n\n\n<p>Un&nbsp;pedido abandonado&nbsp;se crea cuando no se finaliz\u00f3 un pedido, aunque el cliente lleg\u00f3 hasta la pantalla de pago.<\/p>\n<\/div><\/div>\n\n\n\n<div style=\"height:20px\" aria-hidden=\"true\" class=\"wp-block-spacer\"><\/div>\n\n\n\n<h2 class=\"wp-block-heading\">Flujo de procesamiento para pedidos en l\u00ednea<\/h2>\n\n\n\n<p>Cada pedido en l\u00ednea pasa por 3 etapas. Para cada etapa, se requiere una acci\u00f3n diferente:<\/p>\n\n\n\n<figure class=\"wp-block-table\"><table><thead><tr><th>Estado del pedido<\/th><th>acci\u00f3n<\/th><\/tr><\/thead><tbody><tr><td>1. Se recibi\u00f3 un pedido.<\/td><td>Se verifica el pago.<\/td><\/tr><tr><td>2. Se recibi\u00f3 el pago del pedido.<\/td><td>Se prepara el pedido<\/td><\/tr><tr><td>3. El pedido est\u00e1 pago y los art\u00edculos ya se enviaron.<\/td><td>Se archiva el pedido<\/td><\/tr><\/tbody><\/table><\/figure>\n\n\n\n<div style=\"height:20px\" aria-hidden=\"true\" class=\"wp-block-spacer\"><\/div>\n\n\n\n<h2 class=\"wp-block-heading\">Preparaci\u00f3n de pedidos<\/h2>\n\n\n\n<p>Despu\u00e9s de que se verifica el pago de un pedido, comienza su proceso de preparaci\u00f3n que incluye lo siguiente:<\/p>\n\n\n\n<ul>\n<li>Selecci\u00f3n y empaquetado de productos en un sobre o caja<\/li>\n\n\n\n<li>Etiquetar el pedido para el env\u00edo<\/li>\n\n\n\n<li>Enviar el paquete con una empresa de transporte<\/li>\n<\/ul>\n\n\n\n<div style=\"height:20px\" aria-hidden=\"true\" class=\"wp-block-spacer\"><\/div>\n\n\n\n<h2 class=\"wp-block-heading\">Archivaci\u00f3n de pedidos<\/h2>\n\n\n\n<p>La mayor\u00eda de los pedidos se archivan luego del env\u00edo, espec\u00edficamente los siguientes:<\/p>\n\n\n\n<ul>\n<li>Pedidos pagados y preparados<\/li>\n\n\n\n<li>Pedidos reembolsados en su totalidad<\/li>\n\n\n\n<li>Pedidos parcialmente reembolsados, preparados y sin saldo pendiente por pagar<\/li>\n<\/ul>\n","protected":false},"excerpt":{"rendered":"<p>\u00bfQu\u00e9 sucede cuando recibes un pedido en l\u00ednea? Nota Un&nbsp;pedido abandonado&nbsp;se crea cuando no se finaliz\u00f3 un pedido, aunque el<\/p>\n","protected":false},"author":1,"featured_media":0,"parent":0,"menu_order":0,"comment_status":"closed","ping_status":"closed","template":"","meta":{"footnotes":""},"_links":{"self":[{"href":"https:\/\/braaapmotors.com\/shop\/wp-json\/wp\/v2\/pages\/12819"}],"collection":[{"href":"https:\/\/braaapmotors.com\/shop\/wp-json\/wp\/v2\/pages"}],"about":[{"href":"https:\/\/braaapmotors.com\/shop\/wp-json\/wp\/v2\/types\/page"}],"author":[{"embeddable":true,"href":"https:\/\/braaapmotors.com\/shop\/wp-json\/wp\/v2\/users\/1"}],"replies":[{"embeddable":true,"href":"https:\/\/braaapmotors.com\/shop\/wp-json\/wp\/v2\/comments?post=12819"}],"version-history":[{"count":11,"href":"https:\/\/braaapmotors.com\/shop\/wp-json\/wp\/v2\/pages\/12819\/revisions"}],"predecessor-version":[{"id":12832,"href":"https:\/\/braaapmotors.com\/shop\/wp-json\/wp\/v2\/pages\/12819\/revisions\/12832"}],"wp:attachment":[{"href":"https:\/\/braaapmotors.com\/shop\/wp-json\/wp\/v2\/media?parent=12819"}],"curies":[{"name":"wp","href":"https:\/\/api.w.org\/{rel}","templated":true}]}}