{"id":7269,"date":"2022-09-21T15:02:21","date_gmt":"2022-09-21T22:02:21","guid":{"rendered":"https:\/\/braaapmotors.com\/shop\/?page_id=7269"},"modified":"2024-05-30T17:59:21","modified_gmt":"2024-05-30T22:59:21","slug":"politicas-comerciales","status":"publish","type":"page","link":"https:\/\/braaapmotors.com\/shop\/politicas-comerciales\/","title":{"rendered":"Pol\u00edticas comerciales"},"content":{"rendered":"\n<p>Documentaci\u00f3n necesaria para ingresar a la red de distribuidores:<\/p>\n\n\n\n<ul>\n<li>C\u00e1mara de comercio<\/li>\n\n\n\n<li>RUT<\/li>\n\n\n\n<li>Cedula del representante legal<\/li>\n<\/ul>\n\n\n\n<h2 class=\"wp-block-heading\">Fletes<\/h2>\n\n\n\n<p>Las compras superiores a 1.000.000 antes de IVA son libres de pago de flete. Todos los pedidos inferiores a dicho monto deben ser pagados por el cliente en el lugar de destino. El tiempo de entrega var\u00eda seg\u00fan la localizaci\u00f3n y transportadoras que presenten el servicio hasta dicho lugar.<\/p>\n\n\n\n<p>Cualquier despacho parcial que sea requerido de manera urgente debe ser cancelado por el cliente.<\/p>\n\n\n\n<h2 class=\"wp-block-heading\">Garant\u00edas<\/h2>\n\n\n\n<p>Nuestra garant\u00eda es de 3 meses por defecto de fabricaci\u00f3n a partir de la fecha de su compra, dependiendo de la l\u00ednea de producto. El mal uso, abuso, mal ensamble, accidente o cualquier modificaci\u00f3n anular\u00e1 completamente la garant\u00eda. La responsabilidad de MPS GROUP S.A.S. no exceder\u00e1 en ning\u00fan caso el monto o valor de (los) producto(s) o servicio (s) facturado(s) a cada cliente. Para otorgar la garant\u00eda se debe anexar la copia de la factura y hacer llegar la pieza hasta nuestras instalaciones.<\/p>\n\n\n\n<p>El transporte de retorno est\u00e1 a cargo de MPS GROUPS S.A.S. (Para el territorio Colombiano) Cualquier garant\u00eda fuera de Colombia se debe contactar directamente con el distribuidor o importador de cada regi\u00f3n. El manual de instalaci\u00f3n provee toda la informaci\u00f3n y consejos para tener un satisfactorio uso de cada accesorio.<\/p>\n\n\n\n<h2 class=\"wp-block-heading\">Horario de Atenci\u00f3n<\/h2>\n\n\n\n<p>Nuestro horario de servicio es de lunes a viernes 9-18 y 9-14 HORAS, cualquier informaci\u00f3n o gesti\u00f3n comercial ser\u00e1 atendida en este horario MPS GROUP S.A.S Cel: 317 0646309 Cali \u2013 Colombia. www.PAGINAPENDIENTEDEHONDA.com,&nbsp;<a href=\"mailto:corporativo@braaapmotors.com\">corporativo@braaapmotors.com<\/a><\/p>\n\n\n\n<h2 class=\"wp-block-heading\">Listado de precios:<\/h2>\n\n\n\n<p>Todos nuestros precios incluyen IVA y pueden estar sujetos a cambios sin previo aviso.<\/p>\n\n\n\n<p>MPS GROUP S.A.S se reserva el derecho de cambiar los t\u00e9rminos y pol\u00edticas comerciales en cualquier momento.<\/p>\n\n\n\n<h2 class=\"wp-block-heading\">Pedidos y Despachos:<\/h2>\n\n\n\n<ul>\n<li>Todos los pedidos deben tener una orden de compra por alg\u00fan canal electr\u00f3nico o telef\u00f3nico (correo electr\u00f3nico, mensaje de texto, whatsapp, etc).<\/li>\n\n\n\n<li>Los despachos est\u00e1n sujetos al inventario existente y a la aprobaci\u00f3n del \u00e1rea contable de acuerdo al cupo de cr\u00e9dito o mora existente.<\/li>\n\n\n\n<li>Los pedidos se despachar\u00e1n en los 3 d\u00edas calendario siguientes seg\u00fan disponibilidad de inventario.<\/li>\n<\/ul>\n\n\n\n<h2 class=\"wp-block-heading\">Devoluciones<\/h2>\n\n\n\n<p>Cualquier devoluci\u00f3n debe ser notificada previamente y debe estar ligada a inconsistencias en la factura, defectos de fabricaci\u00f3n, o inconsistencias en el pedido. Se tiene un plazo m\u00e1ximo de 5 d\u00edas calendario despu\u00e9s de haber recibido el despacho para avisar cualquier novedad de lo contrario se asume que la mercanc\u00eda fue recibida a satisfacci\u00f3n del cliente. Los cambios de factura, nota cr\u00e9dito o cambio de productos se realizaran en un plazo de 3 d\u00edas h\u00e1biles o seg\u00fan la disponibilidad de inventario.<\/p>\n\n\n\n<h2 class=\"wp-block-heading\">Cr\u00e9ditos<\/h2>\n\n\n\n<p>Se debe solicitar el estudio de cr\u00e9dito de acuerdo a las exigencias y documento requeridos por MPS GROUP S.A.S. En caso de ser aprobado el cliente acepta las condiciones de pago, cupo y cl\u00e1usulas comerciales establecidas.<\/p>\n\n\n\n<h2 class=\"wp-block-heading\">Pagos<\/h2>\n\n\n\n<p>El cliente se compromete a realizar los pagos en los tiempos estipulados en la factura y a informar v\u00eda correo electr\u00f3nico (<a href=\"mailto:corporativo@braaapmotors.com\">corporativo@braaapmotors.com<\/a>) o v\u00eda telef\u00f3nica 317 0646309 o&nbsp; 317 3715977 los pagos realizados.<\/p>\n\n\n\n<h2 class=\"wp-block-heading\">Descuentos<\/h2>\n\n\n\n<p>Los pagos realizados 5 d\u00edas calendario despu\u00e9s de recibir el pedido (Pronto pago) tienen un descuento del 2% antes de IVA. Dicho descuento debe ser reportado inmediatamente por los medios establecidos (v\u00eda correo electr\u00f3nico o v\u00eda telef\u00f3nica)MPS GROUP S.A.S. telef\u00f3nica 317 0646309 o&nbsp; 317 3715977 , AVENIDA 6TA A #24 \u2013 48, SANTA M\u00d3NICA RESIDENCIAL.<\/p>\n\n\n\n<p>CALI &#8211; Colombia. www.PAGINAPENDIENTEHONDA.com, <a href=\"mailto:corporativo@braaapmotors.com\">corporativo@braaapmotors.com<\/a><\/p>\n","protected":false},"excerpt":{"rendered":"<p>Documentaci\u00f3n necesaria para ingresar a la red de distribuidores: Fletes Las compras superiores a 1.000.000 antes de IVA son libres<\/p>\n","protected":false},"author":1,"featured_media":0,"parent":0,"menu_order":0,"comment_status":"closed","ping_status":"closed","template":"","meta":{"footnotes":""},"_links":{"self":[{"href":"https:\/\/braaapmotors.com\/shop\/wp-json\/wp\/v2\/pages\/7269"}],"collection":[{"href":"https:\/\/braaapmotors.com\/shop\/wp-json\/wp\/v2\/pages"}],"about":[{"href":"https:\/\/braaapmotors.com\/shop\/wp-json\/wp\/v2\/types\/page"}],"author":[{"embeddable":true,"href":"https:\/\/braaapmotors.com\/shop\/wp-json\/wp\/v2\/users\/1"}],"replies":[{"embeddable":true,"href":"https:\/\/braaapmotors.com\/shop\/wp-json\/wp\/v2\/comments?post=7269"}],"version-history":[{"count":13,"href":"https:\/\/braaapmotors.com\/shop\/wp-json\/wp\/v2\/pages\/7269\/revisions"}],"predecessor-version":[{"id":12882,"href":"https:\/\/braaapmotors.com\/shop\/wp-json\/wp\/v2\/pages\/7269\/revisions\/12882"}],"wp:attachment":[{"href":"https:\/\/braaapmotors.com\/shop\/wp-json\/wp\/v2\/media?parent=7269"}],"curies":[{"name":"wp","href":"https:\/\/api.w.org\/{rel}","templated":true}]}}